{"id":20,"date":"2025-10-02T11:05:59","date_gmt":"2025-10-02T11:05:59","guid":{"rendered":"https:\/\/www.dj-tours.de\/?page_id=20"},"modified":"2025-10-07T20:44:14","modified_gmt":"2025-10-07T20:44:14","slug":"aida","status":"publish","type":"page","link":"https:\/\/www.dj-tours.de\/?page_id=20","title":{"rendered":"Aida"},"content":{"rendered":"\t\t<div data-elementor-type=\"wp-page\" data-elementor-id=\"20\" class=\"elementor elementor-20\">\n\t\t\t\t<div class=\"elementor-element elementor-element-21242bf e-flex e-con-boxed e-con e-parent\" data-id=\"21242bf\" data-element_type=\"container\" data-e-type=\"container\">\n\t\t\t\t\t<div class=\"e-con-inner\">\n\t\t\t\t<div class=\"elementor-element elementor-element-c4835e7 elementor-widget elementor-widget-heading\" data-id=\"c4835e7\" data-element_type=\"widget\" data-e-type=\"widget\" data-widget_type=\"heading.default\">\n\t\t\t\t\t<h2 class=\"elementor-heading-title elementor-size-default\">AIDA Cruises: Urlaub mit dem L\u00e4cheln \u2013 Entdecken Sie die Faszination Kreuzfahrt<\/h2>\t\t\t\t<\/div>\n\t\t\t\t\t<\/div>\n\t\t\t\t<\/div>\n\t\t<div class=\"elementor-element elementor-element-c4a0029 e-flex e-con-boxed e-con e-parent\" data-id=\"c4a0029\" data-element_type=\"container\" data-e-type=\"container\">\n\t\t\t\t\t<div class=\"e-con-inner\">\n\t\t\t\t<div class=\"elementor-element elementor-element-ef31982 elementor-widget elementor-widget-text-editor\" data-id=\"ef31982\" data-element_type=\"widget\" data-e-type=\"widget\" data-widget_type=\"text-editor.default\">\n\t\t\t\t\t\t\t\t\t<p>AIDA Cruises steht f\u00fcr entspannten, ungezwungenen Urlaub auf dem Meer. Als eine der bekanntesten und beliebtesten Reedereien auf dem deutschsprachigen Markt bietet AIDA eine moderne Kreuzfahrt-Erfahrung, die sich durch Vielfalt, Entertainment und eine lockere Atmosph\u00e4re auszeichnet. Der ber\u00fchmte <strong>Kussmund<\/strong> am Bug ist das Markenzeichen der Flotte und verspricht unvergessliche Reiseerlebnisse weltweit.<\/p>\t\t\t\t\t\t\t\t<\/div>\n\t\t\t\t\t<\/div>\n\t\t\t\t<\/div>\n\t\t<div class=\"elementor-element elementor-element-ecfcab9 e-flex e-con-boxed e-con e-parent\" data-id=\"ecfcab9\" data-element_type=\"container\" data-e-type=\"container\">\n\t\t\t\t\t<div class=\"e-con-inner\">\n\t\t\t\t<div class=\"elementor-element elementor-element-30cffcc elementor-widget elementor-widget-heading\" data-id=\"30cffcc\" data-element_type=\"widget\" data-e-type=\"widget\" data-widget_type=\"heading.default\">\n\t\t\t\t\t<h3 class=\"elementor-heading-title elementor-size-default\">Die Reederei AIDA: Ein modernes Konzept<\/h3>\t\t\t\t<\/div>\n\t\t\t\t\t<\/div>\n\t\t\t\t<\/div>\n\t\t<div class=\"elementor-element elementor-element-01b5265 e-flex e-con-boxed e-con e-parent\" data-id=\"01b5265\" data-element_type=\"container\" data-e-type=\"container\">\n\t\t\t\t\t<div class=\"e-con-inner\">\n\t\t\t\t<div class=\"elementor-element elementor-element-6ce53cb elementor-widget elementor-widget-text-editor\" data-id=\"6ce53cb\" data-element_type=\"widget\" data-e-type=\"widget\" data-widget_type=\"text-editor.default\">\n\t\t\t\t\t\t\t\t\t<p>AIDA hat das Konzept der Clubschiffe auf das Meer \u00fcbertragen und bietet eine breite Palette an Inklusivleistungen sowie eine gro\u00dfe Auswahl an optionalen Erlebnissen. Im Fokus stehen:<\/p>\n<ul class=\"wp-block-list\">\n<li><strong>Vielfalt<\/strong>: Von kulinarischen Gen\u00fcssen in verschiedenen Restaurants (Buffet, Spezialit\u00e4ten, \u00c0-la-carte) \u00fcber Wellness-Oasen bis hin zu umfangreichen Sport- und Entertainment-Angeboten.<\/li>\n<li><strong>Ungezwungenheit<\/strong>: Kein fester Dresscode, keine festen Essenszeiten (insbesondere in den Buffet-Restaurants).<\/li>\n<li><strong>Familienfreundlichkeit<\/strong>: Umfangreiche Betreuung und Programme f\u00fcr Kinder und Jugendliche im Kids Club.<\/li>\n<\/ul>\t\t\t\t\t\t\t\t<\/div>\n\t\t\t\t<div class=\"elementor-element elementor-element-9c1ca69 elementor-widget elementor-widget-heading\" data-id=\"9c1ca69\" data-element_type=\"widget\" data-e-type=\"widget\" data-widget_type=\"heading.default\">\n\t\t\t\t\t<h3 class=\"elementor-heading-title elementor-size-default\">Die AIDA Flotte: Ihr Zuhause auf dem Meer<\/h3>\t\t\t\t<\/div>\n\t\t\t\t<div class=\"elementor-element elementor-element-83542b9 elementor-widget elementor-widget-text-editor\" data-id=\"83542b9\" data-element_type=\"widget\" data-e-type=\"widget\" data-widget_type=\"text-editor.default\">\n\t\t\t\t\t\t\t\t\t<p>Die Flotte von AIDA besteht aus modernen und innovativen Schiffen, die sich in verschiedene Klassen unterteilen. Jedes Schiff hat seinen eigenen Charakter, aber alle bieten den gewohnten AIDA Komfort und Service.<\/p>\t\t\t\t\t\t\t\t<\/div>\n\t\t\t\t\t<\/div>\n\t\t\t\t<\/div>\n\t\t<div class=\"elementor-element elementor-element-925c803 e-flex e-con-boxed e-con e-parent\" data-id=\"925c803\" data-element_type=\"container\" data-e-type=\"container\">\n\t\t\t\t\t<div class=\"e-con-inner\">\n\t\t\t\t<div class=\"elementor-element elementor-element-f90ae09 elementor-widget elementor-widget-image\" data-id=\"f90ae09\" data-element_type=\"widget\" data-e-type=\"widget\" data-widget_type=\"image.default\">\n\t\t\t\t\t\t\t\t\t\t\t\t\t\t\t<img fetchpriority=\"high\" decoding=\"async\" width=\"1024\" height=\"364\" src=\"https:\/\/www.dj-tours.de\/wp-content\/uploads\/2025\/10\/1-2-e1759869780335-1024x364.png\" class=\"attachment-large size-large wp-image-287\" alt=\"\" srcset=\"https:\/\/www.dj-tours.de\/wp-content\/uploads\/2025\/10\/1-2-e1759869780335-1024x364.png 1024w, https:\/\/www.dj-tours.de\/wp-content\/uploads\/2025\/10\/1-2-e1759869780335-300x107.png 300w, https:\/\/www.dj-tours.de\/wp-content\/uploads\/2025\/10\/1-2-e1759869780335-768x273.png 768w, https:\/\/www.dj-tours.de\/wp-content\/uploads\/2025\/10\/1-2-e1759869780335-1536x546.png 1536w, https:\/\/www.dj-tours.de\/wp-content\/uploads\/2025\/10\/1-2-e1759869780335-600x213.png 600w, https:\/\/www.dj-tours.de\/wp-content\/uploads\/2025\/10\/1-2-e1759869780335.png 1920w\" sizes=\"(max-width: 1024px) 100vw, 1024px\" \/>\t\t\t\t\t\t\t\t\t\t\t\t\t\t\t<\/div>\n\t\t\t\t<div class=\"elementor-element elementor-element-9839151 elementor-widget elementor-widget-heading\" data-id=\"9839151\" data-element_type=\"widget\" data-e-type=\"widget\" data-widget_type=\"heading.default\">\n\t\t\t\t\t<h4 class=\"elementor-heading-title elementor-size-default\">Kabinen-Kategorien an Bord:<\/h4>\t\t\t\t<\/div>\n\t\t\t\t<div class=\"elementor-element elementor-element-baf6e56 elementor-widget elementor-widget-text-editor\" data-id=\"baf6e56\" data-element_type=\"widget\" data-e-type=\"widget\" data-widget_type=\"text-editor.default\">\n\t\t\t\t\t\t\t\t\t<p><span style=\"color: #000000;\">Finden Sie die perfekte Kabine f\u00fcr Ihre Anspr\u00fcche \u2013 von preisg\u00fcnstig bis luxuri\u00f6s:<\/span><\/p>\n<ul class=\"wp-block-list\">\n<li><span style=\"color: #000000;\"><strong>Innenkabinen<\/strong>: Ihr gem\u00fctliches Zuhause ohne Meerblick.<\/span><\/li>\n<li><span style=\"color: #000000;\"><strong>Meerblickkabinen<\/strong>: Mit einem Fenster oder Bullauge, um das Meer zu beobachten.<\/span><\/li>\n<li><span style=\"color: #000000;\"><strong>Balkonkabinen \/ Verandakabinen<\/strong>: Mit eigenem privaten Au\u00dfenbereich und Sitzgelegenheit.<\/span><\/li>\n<li><span style=\"color: #000000;\"><strong>Suiten<\/strong>: Die ger\u00e4umigste und luxuri\u00f6seste Option mit besonderen Serviceleistungen.<\/span><\/li>\n<\/ul>\t\t\t\t\t\t\t\t<\/div>\n\t\t\t\t<div class=\"elementor-element elementor-element-99d3868 elementor-widget elementor-widget-heading\" data-id=\"99d3868\" data-element_type=\"widget\" data-e-type=\"widget\" data-widget_type=\"heading.default\">\n\t\t\t\t\t<h3 class=\"elementor-heading-title elementor-size-default\">Das AIDA Prinzip: Inklusivleistungen &amp; Bordleben<\/h3>\t\t\t\t<\/div>\n\t\t\t\t<div class=\"elementor-element elementor-element-1ddf955 elementor-widget elementor-widget-text-editor\" data-id=\"1ddf955\" data-element_type=\"widget\" data-e-type=\"widget\" data-widget_type=\"text-editor.default\">\n\t\t\t\t\t\t\t\t\t<p><span style=\"color: #000000;\">Auf einer AIDA Kreuzfahrt sind zahlreiche Leistungen bereits im Reisepreis inbegriffen:<\/span><\/p>\n<ul class=\"wp-block-list\">\n<li><span style=\"color: #000000;\"><strong>Kulinarik<\/strong>: Vollpension in den Buffet-Restaurants (inkl. Tischgetr\u00e4nke wie Softdrinks, Bier, Wein zu den Hauptmahlzeiten).<\/span><\/li>\n<li><span style=\"color: #000000;\"><strong>Entertainment<\/strong>: Shows und Live-Musik im Theatrium\/Theater, Partys, Events.<\/span><\/li>\n<li><span style=\"color: #000000;\"><strong>Sport &amp; Wellness<\/strong>: Nutzung der modernen Fitnessger\u00e4te und viele Kurse im Body &amp; Soul Sport, Saunanutzung.<\/span><\/li>\n<li><span style=\"color: #000000;\"><strong>Kinderbetreuung<\/strong>: Vielf\u00e4ltiges Programm f\u00fcr Kinder und Jugendliche im Kids Club (ab 3 Jahren).<\/span><\/li>\n<\/ul>\t\t\t\t\t\t\t\t<\/div>\n\t\t\t\t<div class=\"elementor-element elementor-element-1f583d7 elementor-widget elementor-widget-heading\" data-id=\"1f583d7\" data-element_type=\"widget\" data-e-type=\"widget\" data-widget_type=\"heading.default\">\n\t\t\t\t\t<h3 class=\"elementor-heading-title elementor-size-default\">Die AIDA Buchungsmodelle (Preiskategorien)<\/h3>\t\t\t\t<\/div>\n\t\t\t\t\t<\/div>\n\t\t\t\t<\/div>\n\t\t<div class=\"elementor-element elementor-element-ab29db2 e-flex e-con-boxed e-con e-parent\" data-id=\"ab29db2\" data-element_type=\"container\" data-e-type=\"container\">\n\t\t\t\t\t<div class=\"e-con-inner\">\n\t\t\t\t<div class=\"elementor-element elementor-element-c7a001b elementor-widget elementor-widget-text-editor\" data-id=\"c7a001b\" data-element_type=\"widget\" data-e-type=\"widget\" data-widget_type=\"text-editor.default\">\n\t\t\t\t\t\t\t\t\t<p><span style=\"color: #000000;\">AIDA bietet verschiedene Tarife an, die sich in Leistungsumfang, Flexibilit\u00e4t und Preis unterscheiden. So finden Sie stets das Modell, das am besten zu Ihren Urlaubsbed\u00fcrfnissen passt:<\/span><\/p>\t\t\t\t\t\t\t\t<\/div>\n\t\t\t\t<div class=\"elementor-element elementor-element-2c9a9e1 elementor-widget elementor-widget-image\" data-id=\"2c9a9e1\" data-element_type=\"widget\" data-e-type=\"widget\" data-widget_type=\"image.default\">\n\t\t\t\t\t\t\t\t\t\t\t\t\t\t\t<img decoding=\"async\" width=\"1024\" height=\"533\" src=\"https:\/\/www.dj-tours.de\/wp-content\/uploads\/2025\/10\/2-2-1024x533.png\" class=\"attachment-large size-large wp-image-288\" alt=\"\" srcset=\"https:\/\/www.dj-tours.de\/wp-content\/uploads\/2025\/10\/2-2-1024x533.png 1024w, https:\/\/www.dj-tours.de\/wp-content\/uploads\/2025\/10\/2-2-300x156.png 300w, https:\/\/www.dj-tours.de\/wp-content\/uploads\/2025\/10\/2-2-768x400.png 768w, https:\/\/www.dj-tours.de\/wp-content\/uploads\/2025\/10\/2-2-1536x800.png 1536w, https:\/\/www.dj-tours.de\/wp-content\/uploads\/2025\/10\/2-2-600x313.png 600w, https:\/\/www.dj-tours.de\/wp-content\/uploads\/2025\/10\/2-2.png 1920w\" sizes=\"(max-width: 1024px) 100vw, 1024px\" \/>\t\t\t\t\t\t\t\t\t\t\t\t\t\t\t<\/div>\n\t\t\t\t\t<\/div>\n\t\t\t\t<\/div>\n\t\t<div class=\"elementor-element elementor-element-74cb304 e-flex e-con-boxed e-con e-parent\" data-id=\"74cb304\" data-element_type=\"container\" data-e-type=\"container\">\n\t\t\t\t\t<div class=\"e-con-inner\">\n\t\t<div class=\"elementor-element elementor-element-bab9aa8 e-con-full e-flex e-con e-child\" data-id=\"bab9aa8\" data-element_type=\"container\" data-e-type=\"container\">\n\t\t\t\t<div class=\"elementor-element elementor-element-2042419 elementor-widget elementor-widget-image\" data-id=\"2042419\" data-element_type=\"widget\" data-e-type=\"widget\" data-widget_type=\"image.default\">\n\t\t\t\t\t\t\t\t\t\t\t\t\t\t\t<img decoding=\"async\" width=\"1024\" height=\"1024\" src=\"https:\/\/www.dj-tours.de\/wp-content\/uploads\/2025\/10\/6-1.png\" class=\"attachment-large size-large wp-image-278\" alt=\"\" srcset=\"https:\/\/www.dj-tours.de\/wp-content\/uploads\/2025\/10\/6-1.png 1024w, https:\/\/www.dj-tours.de\/wp-content\/uploads\/2025\/10\/6-1-300x300.png 300w, https:\/\/www.dj-tours.de\/wp-content\/uploads\/2025\/10\/6-1-150x150.png 150w, https:\/\/www.dj-tours.de\/wp-content\/uploads\/2025\/10\/6-1-768x768.png 768w, https:\/\/www.dj-tours.de\/wp-content\/uploads\/2025\/10\/6-1-468x468.png 468w, https:\/\/www.dj-tours.de\/wp-content\/uploads\/2025\/10\/6-1-600x600.png 600w, https:\/\/www.dj-tours.de\/wp-content\/uploads\/2025\/10\/6-1-100x100.png 100w\" sizes=\"(max-width: 1024px) 100vw, 1024px\" \/>\t\t\t\t\t\t\t\t\t\t\t\t\t\t\t<\/div>\n\t\t\t\t<\/div>\n\t\t<div class=\"elementor-element elementor-element-a309dc9 e-con-full e-flex e-con e-child\" data-id=\"a309dc9\" data-element_type=\"container\" data-e-type=\"container\">\n\t\t\t\t<div class=\"elementor-element elementor-element-3528543 elementor-widget elementor-widget-image\" data-id=\"3528543\" data-element_type=\"widget\" data-e-type=\"widget\" data-widget_type=\"image.default\">\n\t\t\t\t\t\t\t\t\t\t\t\t\t\t\t<img loading=\"lazy\" decoding=\"async\" width=\"1024\" height=\"1024\" src=\"https:\/\/www.dj-tours.de\/wp-content\/uploads\/2025\/10\/7.png\" class=\"attachment-large size-large wp-image-279\" alt=\"\" srcset=\"https:\/\/www.dj-tours.de\/wp-content\/uploads\/2025\/10\/7.png 1024w, https:\/\/www.dj-tours.de\/wp-content\/uploads\/2025\/10\/7-300x300.png 300w, https:\/\/www.dj-tours.de\/wp-content\/uploads\/2025\/10\/7-150x150.png 150w, https:\/\/www.dj-tours.de\/wp-content\/uploads\/2025\/10\/7-768x768.png 768w, https:\/\/www.dj-tours.de\/wp-content\/uploads\/2025\/10\/7-468x468.png 468w, https:\/\/www.dj-tours.de\/wp-content\/uploads\/2025\/10\/7-600x600.png 600w, https:\/\/www.dj-tours.de\/wp-content\/uploads\/2025\/10\/7-100x100.png 100w\" sizes=\"(max-width: 1024px) 100vw, 1024px\" \/>\t\t\t\t\t\t\t\t\t\t\t\t\t\t\t<\/div>\n\t\t\t\t<\/div>\n\t\t<div class=\"elementor-element elementor-element-a870696 e-con-full e-flex e-con e-child\" data-id=\"a870696\" data-element_type=\"container\" data-e-type=\"container\">\n\t\t\t\t<div class=\"elementor-element elementor-element-4041e35 elementor-widget elementor-widget-image\" data-id=\"4041e35\" data-element_type=\"widget\" data-e-type=\"widget\" data-widget_type=\"image.default\">\n\t\t\t\t\t\t\t\t\t\t\t\t\t\t\t<img loading=\"lazy\" decoding=\"async\" width=\"1024\" height=\"1024\" src=\"https:\/\/www.dj-tours.de\/wp-content\/uploads\/2025\/10\/5.png\" class=\"attachment-large size-large wp-image-277\" alt=\"\" srcset=\"https:\/\/www.dj-tours.de\/wp-content\/uploads\/2025\/10\/5.png 1024w, https:\/\/www.dj-tours.de\/wp-content\/uploads\/2025\/10\/5-300x300.png 300w, https:\/\/www.dj-tours.de\/wp-content\/uploads\/2025\/10\/5-150x150.png 150w, https:\/\/www.dj-tours.de\/wp-content\/uploads\/2025\/10\/5-768x768.png 768w, https:\/\/www.dj-tours.de\/wp-content\/uploads\/2025\/10\/5-468x468.png 468w, https:\/\/www.dj-tours.de\/wp-content\/uploads\/2025\/10\/5-600x600.png 600w, https:\/\/www.dj-tours.de\/wp-content\/uploads\/2025\/10\/5-100x100.png 100w\" sizes=\"(max-width: 1024px) 100vw, 1024px\" \/>\t\t\t\t\t\t\t\t\t\t\t\t\t\t\t<\/div>\n\t\t\t\t<\/div>\n\t\t<div class=\"elementor-element elementor-element-c7df786 e-con-full e-flex e-con e-child\" data-id=\"c7df786\" data-element_type=\"container\" data-e-type=\"container\">\n\t\t\t\t<div class=\"elementor-element elementor-element-c745e37 elementor-widget elementor-widget-image\" data-id=\"c745e37\" data-element_type=\"widget\" data-e-type=\"widget\" data-widget_type=\"image.default\">\n\t\t\t\t\t\t\t\t\t\t\t\t\t\t\t<img loading=\"lazy\" decoding=\"async\" width=\"1024\" height=\"1024\" src=\"https:\/\/www.dj-tours.de\/wp-content\/uploads\/2025\/10\/4.png\" class=\"attachment-large size-large wp-image-276\" alt=\"\" srcset=\"https:\/\/www.dj-tours.de\/wp-content\/uploads\/2025\/10\/4.png 1024w, https:\/\/www.dj-tours.de\/wp-content\/uploads\/2025\/10\/4-300x300.png 300w, https:\/\/www.dj-tours.de\/wp-content\/uploads\/2025\/10\/4-150x150.png 150w, https:\/\/www.dj-tours.de\/wp-content\/uploads\/2025\/10\/4-768x768.png 768w, https:\/\/www.dj-tours.de\/wp-content\/uploads\/2025\/10\/4-468x468.png 468w, https:\/\/www.dj-tours.de\/wp-content\/uploads\/2025\/10\/4-600x600.png 600w, https:\/\/www.dj-tours.de\/wp-content\/uploads\/2025\/10\/4-100x100.png 100w\" sizes=\"(max-width: 1024px) 100vw, 1024px\" \/>\t\t\t\t\t\t\t\t\t\t\t\t\t\t\t<\/div>\n\t\t\t\t<\/div>\n\t\t\t\t\t<\/div>\n\t\t\t\t<\/div>\n\t\t<div class=\"elementor-element elementor-element-af1578e e-flex e-con-boxed e-con e-parent\" data-id=\"af1578e\" data-element_type=\"container\" data-e-type=\"container\">\n\t\t\t\t\t<div class=\"e-con-inner\">\n\t\t\t\t\t<\/div>\n\t\t\t\t<\/div>\n\t\t\t\t<\/div>\n\t\t","protected":false},"excerpt":{"rendered":"<p>AIDA Cruises: Urlaub mit dem L\u00e4cheln \u2013 Entdecken Sie die Faszination Kreuzfahrt AIDA Cruises steht f\u00fcr entspannten, ungezwungenen Urlaub auf dem Meer. Als eine der bekanntesten und beliebtesten Reedereien auf dem deutschsprachigen Markt bietet AIDA eine moderne Kreuzfahrt-Erfahrung, die sich durch Vielfalt, Entertainment und eine lockere Atmosph\u00e4re auszeichnet. Der ber\u00fchmte Kussmund am Bug ist das &hellip; <\/p>\n","protected":false},"author":2,"featured_media":137,"parent":0,"menu_order":0,"comment_status":"closed","ping_status":"closed","template":"","meta":{"footnotes":""},"class_list":["post-20","page","type-page","status-publish","has-post-thumbnail","hentry"],"_links":{"self":[{"href":"https:\/\/www.dj-tours.de\/index.php?rest_route=\/wp\/v2\/pages\/20","targetHints":{"allow":["GET"]}}],"collection":[{"href":"https:\/\/www.dj-tours.de\/index.php?rest_route=\/wp\/v2\/pages"}],"about":[{"href":"https:\/\/www.dj-tours.de\/index.php?rest_route=\/wp\/v2\/types\/page"}],"author":[{"embeddable":true,"href":"https:\/\/www.dj-tours.de\/index.php?rest_route=\/wp\/v2\/users\/2"}],"replies":[{"embeddable":true,"href":"https:\/\/www.dj-tours.de\/index.php?rest_route=%2Fwp%2Fv2%2Fcomments&post=20"}],"version-history":[{"count":13,"href":"https:\/\/www.dj-tours.de\/index.php?rest_route=\/wp\/v2\/pages\/20\/revisions"}],"predecessor-version":[{"id":291,"href":"https:\/\/www.dj-tours.de\/index.php?rest_route=\/wp\/v2\/pages\/20\/revisions\/291"}],"wp:featuredmedia":[{"embeddable":true,"href":"https:\/\/www.dj-tours.de\/index.php?rest_route=\/wp\/v2\/media\/137"}],"wp:attachment":[{"href":"https:\/\/www.dj-tours.de\/index.php?rest_route=%2Fwp%2Fv2%2Fmedia&parent=20"}],"curies":[{"name":"wp","href":"https:\/\/api.w.org\/{rel}","templated":true}]}}