{"id":34,"date":"2025-10-02T11:18:21","date_gmt":"2025-10-02T11:18:21","guid":{"rendered":"https:\/\/www.dj-tours.de\/?page_id=34"},"modified":"2025-10-07T21:03:44","modified_gmt":"2025-10-07T21:03:44","slug":"reedereien","status":"publish","type":"page","link":"https:\/\/www.dj-tours.de\/?page_id=34","title":{"rendered":"Reedereien"},"content":{"rendered":"\t\t<div data-elementor-type=\"wp-page\" data-elementor-id=\"34\" class=\"elementor elementor-34\">\n\t\t\t\t<div class=\"elementor-element elementor-element-a32b53a e-flex e-con-boxed e-con e-parent\" data-id=\"a32b53a\" data-element_type=\"container\" data-e-type=\"container\">\n\t\t\t\t\t<div class=\"e-con-inner\">\n\t\t\t\t<div class=\"elementor-element elementor-element-06df3f9 elementor-widget elementor-widget-heading\" data-id=\"06df3f9\" data-element_type=\"widget\" data-e-type=\"widget\" data-widget_type=\"heading.default\">\n\t\t\t\t\t<h2 class=\"elementor-heading-title elementor-size-default\">Unsere Reedereien \u2013 Ihr Zuhause auf See<\/h2>\t\t\t\t<\/div>\n\t\t\t\t\t<\/div>\n\t\t\t\t<\/div>\n\t\t<div class=\"elementor-element elementor-element-bf7c69b e-flex e-con-boxed e-con e-parent\" data-id=\"bf7c69b\" data-element_type=\"container\" data-e-type=\"container\">\n\t\t\t\t\t<div class=\"e-con-inner\">\n\t\t\t\t<div class=\"elementor-element elementor-element-845adeb elementor-widget elementor-widget-text-editor\" data-id=\"845adeb\" data-element_type=\"widget\" data-e-type=\"widget\" data-widget_type=\"text-editor.default\">\n\t\t\t\t\t\t\t\t\t<p data-start=\"207\" data-end=\"578\"><span style=\"color: #000000;\">Wer eine Kreuzfahrt bucht, sucht nicht nur ein Reiseziel, sondern ein schwimmendes Zuhause voller Komfort, Genuss und Erlebnisse. Bei <strong data-start=\"341\" data-end=\"353\">DJ Tours<\/strong> vertrauen wir deshalb auf die beiden renommierten Reedereien <strong data-start=\"415\" data-end=\"431\">AIDA Cruises<\/strong> und <strong data-start=\"436\" data-end=\"465\">TUI Cruises \u2013 Mein Schiff<\/strong>. Beide stehen f\u00fcr erstklassige Qualit\u00e4t, einzigartige Konzepte und unvergessliche Urlaubsmomente auf dem Meer.<\/span><\/p>\n<p data-start=\"580\" data-end=\"872\"><span style=\"color: #000000;\"><strong data-start=\"580\" data-end=\"588\">AIDA<\/strong> verbindet modernes Kreuzfahrtfeeling mit einem lockeren, weltoffenen Lebensstil. An Bord erwarten Sie kulinarische Vielfalt in zahlreichen Restaurants, ein vielseitiges Entertainmentprogramm und ein Ambiente, in dem sich Familien, Paare und Alleinreisende gleicherma\u00dfen wohlf\u00fchlen.<\/span><\/p>\n<p data-start=\"874\" data-end=\"1161\"><span style=\"color: #000000;\"><strong data-start=\"874\" data-end=\"893\">TUI Mein Schiff<\/strong> setzt hingegen auf das Konzept der \u201eWohlf\u00fchlflotte\u201c: gro\u00dfz\u00fcgige Kabinen, ein Premium-All-Inclusive-Angebot, ausgezeichnete Gastronomie und viel Raum f\u00fcr Entspannung. Hier genie\u00dfen Sie Ihre Reise mit maximaler Freiheit, ohne st\u00e4ndig an Zusatzkosten denken zu m\u00fcssen.<\/span><\/p>\n<p data-start=\"1163\" data-end=\"1425\"><span style=\"color: #000000;\">Egal, f\u00fcr welche Reederei Sie sich entscheiden \u2013 bei uns erleben Sie Kreuzfahrten, die perfekt zu Ihren W\u00fcnschen passen. Ob Abenteuer, Kultur, Wellness oder kulinarische Highlights: Mit AIDA und TUI Mein Schiff entdecken Sie die Weltmeere auf die sch\u00f6nste Art.<\/span><\/p>\t\t\t\t\t\t\t\t<\/div>\n\t\t\t\t\t<\/div>\n\t\t\t\t<\/div>\n\t\t<div class=\"elementor-element elementor-element-c87462c e-flex e-con-boxed e-con e-parent\" data-id=\"c87462c\" data-element_type=\"container\" data-e-type=\"container\">\n\t\t\t\t\t<div class=\"e-con-inner\">\n\t\t<div class=\"elementor-element elementor-element-fd037a3 e-con-full e-flex e-con e-child\" data-id=\"fd037a3\" data-element_type=\"container\" data-e-type=\"container\">\n\t\t\t\t<div class=\"elementor-element elementor-element-62b7db4 elementor-widget elementor-widget-image\" data-id=\"62b7db4\" data-element_type=\"widget\" data-e-type=\"widget\" data-widget_type=\"image.default\">\n\t\t\t\t\t\t\t\t\t\t\t\t\t\t\t<img fetchpriority=\"high\" decoding=\"async\" width=\"1024\" height=\"345\" src=\"https:\/\/www.dj-tours.de\/wp-content\/uploads\/2025\/10\/Design-ohne-Titel-102.png\" class=\"attachment-large size-large wp-image-297\" alt=\"\" srcset=\"https:\/\/www.dj-tours.de\/wp-content\/uploads\/2025\/10\/Design-ohne-Titel-102.png 1024w, https:\/\/www.dj-tours.de\/wp-content\/uploads\/2025\/10\/Design-ohne-Titel-102-300x101.png 300w, https:\/\/www.dj-tours.de\/wp-content\/uploads\/2025\/10\/Design-ohne-Titel-102-768x259.png 768w, https:\/\/www.dj-tours.de\/wp-content\/uploads\/2025\/10\/Design-ohne-Titel-102-600x202.png 600w\" sizes=\"(max-width: 1024px) 100vw, 1024px\" \/>\t\t\t\t\t\t\t\t\t\t\t\t\t\t\t<\/div>\n\t\t\t\t<\/div>\n\t\t<div class=\"elementor-element elementor-element-9fcc0cb e-con-full e-flex e-con e-child\" data-id=\"9fcc0cb\" data-element_type=\"container\" data-e-type=\"container\">\n\t\t\t\t<div class=\"elementor-element elementor-element-d2242f3 elementor-widget elementor-widget-image\" data-id=\"d2242f3\" data-element_type=\"widget\" data-e-type=\"widget\" data-widget_type=\"image.default\">\n\t\t\t\t\t\t\t\t\t\t\t\t\t\t\t<img decoding=\"async\" width=\"1024\" height=\"345\" src=\"https:\/\/www.dj-tours.de\/wp-content\/uploads\/2025\/10\/1-1.png\" class=\"attachment-large size-large wp-image-295\" alt=\"\" srcset=\"https:\/\/www.dj-tours.de\/wp-content\/uploads\/2025\/10\/1-1.png 1024w, https:\/\/www.dj-tours.de\/wp-content\/uploads\/2025\/10\/1-1-300x101.png 300w, https:\/\/www.dj-tours.de\/wp-content\/uploads\/2025\/10\/1-1-768x259.png 768w, https:\/\/www.dj-tours.de\/wp-content\/uploads\/2025\/10\/1-1-600x202.png 600w\" sizes=\"(max-width: 1024px) 100vw, 1024px\" \/>\t\t\t\t\t\t\t\t\t\t\t\t\t\t\t<\/div>\n\t\t\t\t<\/div>\n\t\t\t\t\t<\/div>\n\t\t\t\t<\/div>\n\t\t\t\t<\/div>\n\t\t","protected":false},"excerpt":{"rendered":"<p>Unsere Reedereien \u2013 Ihr Zuhause auf See Wer eine Kreuzfahrt bucht, sucht nicht nur ein Reiseziel, sondern ein schwimmendes Zuhause voller Komfort, Genuss und Erlebnisse. Bei DJ Tours vertrauen wir deshalb auf die beiden renommierten Reedereien AIDA Cruises und TUI Cruises \u2013 Mein Schiff. Beide stehen f\u00fcr erstklassige Qualit\u00e4t, einzigartige Konzepte und unvergessliche Urlaubsmomente auf &hellip; <\/p>\n","protected":false},"author":2,"featured_media":265,"parent":0,"menu_order":0,"comment_status":"closed","ping_status":"closed","template":"","meta":{"footnotes":""},"class_list":["post-34","page","type-page","status-publish","has-post-thumbnail","hentry"],"_links":{"self":[{"href":"https:\/\/www.dj-tours.de\/index.php?rest_route=\/wp\/v2\/pages\/34","targetHints":{"allow":["GET"]}}],"collection":[{"href":"https:\/\/www.dj-tours.de\/index.php?rest_route=\/wp\/v2\/pages"}],"about":[{"href":"https:\/\/www.dj-tours.de\/index.php?rest_route=\/wp\/v2\/types\/page"}],"author":[{"embeddable":true,"href":"https:\/\/www.dj-tours.de\/index.php?rest_route=\/wp\/v2\/users\/2"}],"replies":[{"embeddable":true,"href":"https:\/\/www.dj-tours.de\/index.php?rest_route=%2Fwp%2Fv2%2Fcomments&post=34"}],"version-history":[{"count":4,"href":"https:\/\/www.dj-tours.de\/index.php?rest_route=\/wp\/v2\/pages\/34\/revisions"}],"predecessor-version":[{"id":300,"href":"https:\/\/www.dj-tours.de\/index.php?rest_route=\/wp\/v2\/pages\/34\/revisions\/300"}],"wp:featuredmedia":[{"embeddable":true,"href":"https:\/\/www.dj-tours.de\/index.php?rest_route=\/wp\/v2\/media\/265"}],"wp:attachment":[{"href":"https:\/\/www.dj-tours.de\/index.php?rest_route=%2Fwp%2Fv2%2Fmedia&parent=34"}],"curies":[{"name":"wp","href":"https:\/\/api.w.org\/{rel}","templated":true}]}}